{"id":70,"date":"2011-04-18T17:07:06","date_gmt":"2011-04-18T16:07:06","guid":{"rendered":"http:\/\/www.taekwondo-ates.de\/blog\/?page_id=70"},"modified":"2024-12-15T16:49:23","modified_gmt":"2024-12-15T15:49:23","slug":"aydin-ates","status":"publish","type":"page","link":"https:\/\/www.taekwondo-ates.de\/?page_id=70","title":{"rendered":"Aydin Ates"},"content":{"rendered":"<div class=\"wp-block-image\">\n<figure class=\"alignleft\"><a href=\"http:\/\/www.taekwondo-ates.de\/wp-content\/uploads\/2011\/04\/michael-fotografiert-0005-bearbeitet.jpg\"><img data-attachment-id=\"2643\" data-permalink=\"https:\/\/www.taekwondo-ates.de\/?attachment_id=2643\" data-orig-file=\"https:\/\/www.taekwondo-ates.de\/wp-content\/uploads\/2011\/04\/michael-fotografiert-0005-bearbeitet.jpg\" data-orig-size=\"450,676\" data-comments-opened=\"0\" data-image-meta=\"{&quot;aperture&quot;:&quot;5.6&quot;,&quot;credit&quot;:&quot;Michael Rosenstiel&quot;,&quot;camera&quot;:&quot;NIKON D3S&quot;,&quot;caption&quot;:&quot;&quot;,&quot;created_timestamp&quot;:&quot;1546859938&quot;,&quot;copyright&quot;:&quot;Michael Rosenstiel&quot;,&quot;focal_length&quot;:&quot;75&quot;,&quot;iso&quot;:&quot;200&quot;,&quot;shutter_speed&quot;:&quot;0.00625&quot;,&quot;title&quot;:&quot;&quot;}\" data-image-title=\"michael-fotografiert &#8211; 0005 &#8211; bearbeitet\" data-image-description=\"\" data-image-caption=\"&lt;p&gt;Foto: michael-fotografiert.de \/ Michael Rosenstiel&lt;\/p&gt;\n\" data-medium-file=\"https:\/\/www.taekwondo-ates.de\/wp-content\/uploads\/2011\/04\/michael-fotografiert-0005-bearbeitet-199x300.jpg\" data-large-file=\"https:\/\/www.taekwondo-ates.de\/wp-content\/uploads\/2011\/04\/michael-fotografiert-0005-bearbeitet.jpg\" decoding=\"async\" loading=\"lazy\" width=\"199\" height=\"300\" src=\"http:\/\/www.taekwondo-ates.de\/wp-content\/uploads\/2011\/04\/michael-fotografiert-0005-bearbeitet-199x300.jpg\" alt=\"Foto: michael-fotografiert.de \/ Michael Rosenstiel\" class=\"wp-image-2643\" srcset=\"https:\/\/www.taekwondo-ates.de\/wp-content\/uploads\/2011\/04\/michael-fotografiert-0005-bearbeitet-199x300.jpg 199w, https:\/\/www.taekwondo-ates.de\/wp-content\/uploads\/2011\/04\/michael-fotografiert-0005-bearbeitet.jpg 450w\" sizes=\"(max-width: 199px) 100vw, 199px\" \/><\/a><figcaption class=\"wp-element-caption\">Foto: michael-fotografiert.de \/ Michael Rosenstiel<\/figcaption><\/figure><\/div>\n\n\n<ul>\n<li>5.DAN \u201354\/58 kg<\/li>\n\n\n\n<li>Von 1994- 2004 in der deutschen Taekwondo\u2013Nationalmannschaft DTU<\/li>\n\n\n\n<li>Trainer C-Lizenz DOSB<\/li>\n\n\n\n<li>Coach Lizenz<\/li>\n\n\n\n<li>Kampfrichter Lizenz<\/li>\n\n\n\n<li>DTU Pr\u00fcferlizenz<\/li>\n\n\n\n<li>Schulsportlehrer Lizenz<\/li>\n\n\n\n<li><span style=\"font-size: revert;\">Stellvertretender Jugendreferent des Landesverbandes Baden-W\u00fcrttemberg<\/span><\/li>\n<\/ul>\n\n\n\n<p><\/p>\n\n\n\n<p><\/p>\n\n\n\n<p><\/p>\n\n\n\n<p><span style=\"font-size: 15px; font-weight: bold;\">Erfolge<\/span><\/p>\n\n\n\n<p>Europameister 1994<\/p>\n\n\n\n<p>6facher Deutscher Meister 94\/95\/96\/98\/2000\/2002<br>Deutscher Meister Masters 2022<br>Mehrfacher Baden-W\u00fcrttembergischer Meister<br>Mehrfacher Internationaler Meister<br>Internationaler Deutscher Meister 91\/92<br>Internationaler \u00d6sterreichischer Meister 91\/92\/94\/97<br>Internationaler Luxemburgischer Meister 94<br>Europa-Cup Bronzemedaille<br>World-Cup Teilnehmer Cayman Island 1994<br>World-Cup Teilnehmer Brasilien 1996<br>World-Cup Teilnehmer in Sindelfingen 1998<br><em id=\"__mceDel\">World Cup Teilnehmer in Lyon\/Frankreich 2000<\/em><\/p>\n\n\n\n<p>Weltmeisterschafts-Teilnehmer Manila\/Philippinen 1995<br>Weltmeisterschafts-Teilnehmer Hong Kong 1997<br>Int. Luxemburgischer Meister 1994<br>Open Alsace &nbsp;1.Platz 1997<br>Int. Holl\u00e4ndische Meisterschaften 2.Platz 92\/93\/96\/98<br>Int. Holl\u00e4ndische Meisterschaften 3.Platz 91\/94<br>German Open 2. Platz 93\/2001<br>German Open 3. Platz 1990<br>Deutsche Meisterschaften 2. Platz 1999<br>Baden-W\u00fcrttembergische Meister 88\/90\/92\/2001<br>Bayern-Cup 1. Platz 95\/97\/98\/99<br>Int. Park-Pokal 1. Platz 89\/91\/2001<br>Sardinien Open 3. Platz<br>Un Yonk Kim Cup 1. Platz 1997 in Birmingham<\/p>\n\n\n\n<p><strong>Offenburger Sportlerehrung<br><\/strong>die Ehrenplakette in Gold 1991\/92\/94\/96\/97\/98\/2002<\/p>\n\n\n\n<p><!-- default-view.php -->\n<div\n\tclass=\"ngg-galleryoverview default-view  ngg-ajax-pagination-none\"\n\tid=\"ngg-gallery-092628137034bd773d04917a7b269fea-1\">\n\n\t\t<!-- Thumbnails -->\n\t\t\t\t<div id=\"ngg-image-0\" class=\"ngg-gallery-thumbnail-box \" >\n\t\t\t\t        <div class=\"ngg-gallery-thumbnail\">\n            <a href=\"https:\/\/www.taekwondo-ates.de\/wp-content\/gallery\/aydin-ates\/aydin1.jpg\"\n               title=\"\"\n               data-src=\"https:\/\/www.taekwondo-ates.de\/wp-content\/gallery\/aydin-ates\/aydin1.jpg\"\n               data-thumbnail=\"https:\/\/www.taekwondo-ates.de\/wp-content\/gallery\/aydin-ates\/thumbs\/thumbs_aydin1.jpg\"\n               data-image-id=\"82\"\n               data-title=\"aydin1\"\n               data-description=\"\"\n               data-image-slug=\"aydin1\"\n               class=\"shutterset_092628137034bd773d04917a7b269fea\">\n                <img\n                    title=\"aydin1\"\n                    alt=\"aydin1\"\n                    src=\"https:\/\/www.taekwondo-ates.de\/wp-content\/gallery\/aydin-ates\/thumbs\/thumbs_aydin1.jpg\"\n                    width=\"100\"\n                    height=\"75\"\n                    style=\"max-width:100%;\"\n                \/>\n            <\/a>\n        <\/div>\n\t\t\t\t\t\t\t<\/div> \n\t\t\t\n\t\t\t\t<div id=\"ngg-image-1\" class=\"ngg-gallery-thumbnail-box \" >\n\t\t\t\t        <div class=\"ngg-gallery-thumbnail\">\n            <a href=\"https:\/\/www.taekwondo-ates.de\/wp-content\/gallery\/aydin-ates\/aydin2.jpg\"\n               title=\"\"\n               data-src=\"https:\/\/www.taekwondo-ates.de\/wp-content\/gallery\/aydin-ates\/aydin2.jpg\"\n               data-thumbnail=\"https:\/\/www.taekwondo-ates.de\/wp-content\/gallery\/aydin-ates\/thumbs\/thumbs_aydin2.jpg\"\n               data-image-id=\"83\"\n               data-title=\"aydin2\"\n               data-description=\"\"\n               data-image-slug=\"aydin2\"\n               class=\"shutterset_092628137034bd773d04917a7b269fea\">\n                <img\n                    title=\"aydin2\"\n                    alt=\"aydin2\"\n                    src=\"https:\/\/www.taekwondo-ates.de\/wp-content\/gallery\/aydin-ates\/thumbs\/thumbs_aydin2.jpg\"\n                    width=\"100\"\n                    height=\"75\"\n                    style=\"max-width:100%;\"\n                \/>\n            <\/a>\n        <\/div>\n\t\t\t\t\t\t\t<\/div> \n\t\t\t\n\t\t\t\t<div id=\"ngg-image-2\" class=\"ngg-gallery-thumbnail-box \" >\n\t\t\t\t        <div class=\"ngg-gallery-thumbnail\">\n            <a href=\"https:\/\/www.taekwondo-ates.de\/wp-content\/gallery\/aydin-ates\/aydin3.jpg\"\n               title=\"\"\n               data-src=\"https:\/\/www.taekwondo-ates.de\/wp-content\/gallery\/aydin-ates\/aydin3.jpg\"\n               data-thumbnail=\"https:\/\/www.taekwondo-ates.de\/wp-content\/gallery\/aydin-ates\/thumbs\/thumbs_aydin3.jpg\"\n               data-image-id=\"84\"\n               data-title=\"aydin3\"\n               data-description=\"\"\n               data-image-slug=\"aydin3\"\n               class=\"shutterset_092628137034bd773d04917a7b269fea\">\n                <img\n                    title=\"aydin3\"\n                    alt=\"aydin3\"\n                    src=\"https:\/\/www.taekwondo-ates.de\/wp-content\/gallery\/aydin-ates\/thumbs\/thumbs_aydin3.jpg\"\n                    width=\"100\"\n                    height=\"75\"\n                    style=\"max-width:100%;\"\n                \/>\n            <\/a>\n        <\/div>\n\t\t\t\t\t\t\t<\/div> \n\t\t\t\n\t\t\t\t<div id=\"ngg-image-3\" class=\"ngg-gallery-thumbnail-box \" >\n\t\t\t\t        <div class=\"ngg-gallery-thumbnail\">\n            <a href=\"https:\/\/www.taekwondo-ates.de\/wp-content\/gallery\/aydin-ates\/aydin4.jpg\"\n               title=\"\"\n               data-src=\"https:\/\/www.taekwondo-ates.de\/wp-content\/gallery\/aydin-ates\/aydin4.jpg\"\n               data-thumbnail=\"https:\/\/www.taekwondo-ates.de\/wp-content\/gallery\/aydin-ates\/thumbs\/thumbs_aydin4.jpg\"\n               data-image-id=\"85\"\n               data-title=\"aydin4\"\n               data-description=\"\"\n               data-image-slug=\"aydin4\"\n               class=\"shutterset_092628137034bd773d04917a7b269fea\">\n                <img\n                    title=\"aydin4\"\n                    alt=\"aydin4\"\n                    src=\"https:\/\/www.taekwondo-ates.de\/wp-content\/gallery\/aydin-ates\/thumbs\/thumbs_aydin4.jpg\"\n                    width=\"100\"\n                    height=\"75\"\n                    style=\"max-width:100%;\"\n                \/>\n            <\/a>\n        <\/div>\n\t\t\t\t\t\t\t<\/div> \n\t\t\t\n\t\t\t\t<div id=\"ngg-image-4\" class=\"ngg-gallery-thumbnail-box \" >\n\t\t\t\t        <div class=\"ngg-gallery-thumbnail\">\n            <a href=\"https:\/\/www.taekwondo-ates.de\/wp-content\/gallery\/aydin-ates\/aydin5.jpg\"\n               title=\"\"\n               data-src=\"https:\/\/www.taekwondo-ates.de\/wp-content\/gallery\/aydin-ates\/aydin5.jpg\"\n               data-thumbnail=\"https:\/\/www.taekwondo-ates.de\/wp-content\/gallery\/aydin-ates\/thumbs\/thumbs_aydin5.jpg\"\n               data-image-id=\"86\"\n               data-title=\"aydin5\"\n               data-description=\"\"\n               data-image-slug=\"aydin5\"\n               class=\"shutterset_092628137034bd773d04917a7b269fea\">\n                <img\n                    title=\"aydin5\"\n                    alt=\"aydin5\"\n                    src=\"https:\/\/www.taekwondo-ates.de\/wp-content\/gallery\/aydin-ates\/thumbs\/thumbs_aydin5.jpg\"\n                    width=\"100\"\n                    height=\"75\"\n                    style=\"max-width:100%;\"\n                \/>\n            <\/a>\n        <\/div>\n\t\t\t\t\t\t\t<\/div> \n\t\t\t\n\t\t\t\t<div id=\"ngg-image-5\" class=\"ngg-gallery-thumbnail-box \" >\n\t\t\t\t        <div class=\"ngg-gallery-thumbnail\">\n            <a href=\"https:\/\/www.taekwondo-ates.de\/wp-content\/gallery\/aydin-ates\/aydin6.jpg\"\n               title=\"\"\n               data-src=\"https:\/\/www.taekwondo-ates.de\/wp-content\/gallery\/aydin-ates\/aydin6.jpg\"\n               data-thumbnail=\"https:\/\/www.taekwondo-ates.de\/wp-content\/gallery\/aydin-ates\/thumbs\/thumbs_aydin6.jpg\"\n               data-image-id=\"87\"\n               data-title=\"aydin6\"\n               data-description=\"\"\n               data-image-slug=\"aydin6\"\n               class=\"shutterset_092628137034bd773d04917a7b269fea\">\n                <img\n                    title=\"aydin6\"\n                    alt=\"aydin6\"\n                    src=\"https:\/\/www.taekwondo-ates.de\/wp-content\/gallery\/aydin-ates\/thumbs\/thumbs_aydin6.jpg\"\n                    width=\"100\"\n                    height=\"75\"\n                    style=\"max-width:100%;\"\n                \/>\n            <\/a>\n        <\/div>\n\t\t\t\t\t\t\t<\/div> \n\t\t\t\n\t\n\t<br style=\"clear: both\" \/>\n\n\t\t<div class=\"slideshowlink\">\n        <a href='https:\/\/www.taekwondo-ates.de\/index.php\/nggallery\/slideshow?page_id=70'>[Show as slideshow]<\/a>\n\t\t\n\t<\/div>\n\t\n\t\t<!-- Pagination -->\n\t<div class='ngg-clear'><\/div>\t<\/div>\n<br><em>Fotos: Sedat Altinbas,&nbsp;AS photostyle<\/em><\/p>\n\n\n<div class=\"wp-block-image\">\n<figure class=\"alignleft is-resized\"><a href=\"http:\/\/www.taekwondo-ates.de\/wp-content\/uploads\/2011\/04\/20131208_120738.jpg\"><img data-attachment-id=\"877\" data-permalink=\"https:\/\/www.taekwondo-ates.de\/?attachment_id=877\" data-orig-file=\"https:\/\/www.taekwondo-ates.de\/wp-content\/uploads\/2011\/04\/20131208_120738.jpg\" data-orig-size=\"750,1000\" data-comments-opened=\"0\" data-image-meta=\"{&quot;aperture&quot;:&quot;2.6&quot;,&quot;credit&quot;:&quot;&quot;,&quot;camera&quot;:&quot;GT-I9300&quot;,&quot;caption&quot;:&quot;&quot;,&quot;created_timestamp&quot;:&quot;1386504458&quot;,&quot;copyright&quot;:&quot;&quot;,&quot;focal_length&quot;:&quot;3.7&quot;,&quot;iso&quot;:&quot;64&quot;,&quot;shutter_speed&quot;:&quot;0.066666666666667&quot;,&quot;title&quot;:&quot;&quot;}\" data-image-title=\"20131208_120738\" data-image-description=\"\" data-image-caption=\"\" data-medium-file=\"https:\/\/www.taekwondo-ates.de\/wp-content\/uploads\/2011\/04\/20131208_120738-225x300.jpg\" data-large-file=\"https:\/\/www.taekwondo-ates.de\/wp-content\/uploads\/2011\/04\/20131208_120738.jpg\" decoding=\"async\" loading=\"lazy\" src=\"http:\/\/www.taekwondo-ates.de\/wp-content\/uploads\/2011\/04\/20131208_120738-225x300.jpg\" alt=\"20131208_120738\" class=\"wp-image-877\" width=\"387\" height=\"500\"\/><\/a><figcaption class=\"wp-element-caption\">Aydin Ates mit Levent Tuncat, 3-facher Europameister 54kg\/58kg&nbsp;und mehrfacher Deutscher Meister.<br>\u00dcber 10 Jahre nach Aydin Ates schaffte es Levent Tuncat 2005, den Europameistertitel in der Gewichtsklasse -54kg f\u00fcr Deutschland zu gewinnen.<br>Auch Aydin Ates&nbsp;war der erste Europameister f\u00fcr Deutschland nach dem letzten Europameistertitel 1984 von Reinhard Langer.<\/figcaption><\/figure><\/div>\n\n","protected":false},"excerpt":{"rendered":"<p>Erfolge Europameister 1994 6facher Deutscher Meister 94\/95\/96\/98\/2000\/2002Deutscher Meister Masters 2022Mehrfacher Baden-W\u00fcrttembergischer MeisterMehrfacher Internationaler MeisterInternationaler Deutscher Meister 91\/92Internationaler \u00d6sterreichischer Meister 91\/92\/94\/97Internationaler Luxemburgischer Meister 94Europa-Cup BronzemedailleWorld-Cup Teilnehmer Cayman Island 1994World-Cup Teilnehmer Brasilien 1996World-Cup Teilnehmer in Sindelfingen 1998World Cup Teilnehmer in Lyon\/Frankreich 2000 &hellip; <a href=\"https:\/\/www.taekwondo-ates.de\/?page_id=70\">Weiterlesen <span class=\"meta-nav\">&rarr;<\/span><\/a><\/p>\n","protected":false},"author":1,"featured_media":346,"parent":22,"menu_order":0,"comment_status":"closed","ping_status":"closed","template":"sidebar-page.php","meta":{"ngg_post_thumbnail":0,"jetpack_post_was_ever_published":false},"jetpack_shortlink":"https:\/\/wp.me\/P214aU-18","jetpack_sharing_enabled":true,"_links":{"self":[{"href":"https:\/\/www.taekwondo-ates.de\/index.php?rest_route=\/wp\/v2\/pages\/70"}],"collection":[{"href":"https:\/\/www.taekwondo-ates.de\/index.php?rest_route=\/wp\/v2\/pages"}],"about":[{"href":"https:\/\/www.taekwondo-ates.de\/index.php?rest_route=\/wp\/v2\/types\/page"}],"author":[{"embeddable":true,"href":"https:\/\/www.taekwondo-ates.de\/index.php?rest_route=\/wp\/v2\/users\/1"}],"replies":[{"embeddable":true,"href":"https:\/\/www.taekwondo-ates.de\/index.php?rest_route=%2Fwp%2Fv2%2Fcomments&post=70"}],"version-history":[{"count":24,"href":"https:\/\/www.taekwondo-ates.de\/index.php?rest_route=\/wp\/v2\/pages\/70\/revisions"}],"predecessor-version":[{"id":3487,"href":"https:\/\/www.taekwondo-ates.de\/index.php?rest_route=\/wp\/v2\/pages\/70\/revisions\/3487"}],"up":[{"embeddable":true,"href":"https:\/\/www.taekwondo-ates.de\/index.php?rest_route=\/wp\/v2\/pages\/22"}],"wp:featuredmedia":[{"embeddable":true,"href":"https:\/\/www.taekwondo-ates.de\/index.php?rest_route=\/wp\/v2\/media\/346"}],"wp:attachment":[{"href":"https:\/\/www.taekwondo-ates.de\/index.php?rest_route=%2Fwp%2Fv2%2Fmedia&parent=70"}],"curies":[{"name":"wp","href":"https:\/\/api.w.org\/{rel}","templated":true}]}}