{"id":35,"date":"2011-04-18T14:50:40","date_gmt":"2011-04-18T13:50:40","guid":{"rendered":"http:\/\/www.taekwondo-ates.de\/blog\/?page_id=35"},"modified":"2018-09-17T20:33:10","modified_gmt":"2018-09-17T19:33:10","slug":"impressum","status":"publish","type":"page","link":"https:\/\/www.taekwondo-ates.de\/?page_id=35","title":{"rendered":"Impressum"},"content":{"rendered":"<p><strong>Taekwondo-Ates e. V. <\/strong><\/p>\n<p>Gesch\u00e4ftsstelle:<\/p>\n<p>Aydin\u00a0Ates<br \/>\n<span style=\"font-weight: 300;\">Fei\u00dfe B\u00fcndt 19<br \/>\n<\/span><span style=\"font-weight: 300;\">77746 Schutterwald<\/span><\/p>\n<p>Telefon:\u00a00781 &#8211; 474 355 92<\/p>\n<p>E-Mail: <a href=\"mailto:info@taekwondo-ates.de\">info@taekwondo-ates.de<\/a><br \/>\nInternet: www.taekwondo-ates.de<\/p>\n<p>Vertretungsberechtigter Vorstand:<br \/>\n1. Vorstand Aydin Ates<br \/>\nRegistergericht: Amtsgericht Offenburg<br \/>\nRegisternummer: VR 826<br \/>\nInhaltlich Verantwortlicher gem\u00e4\u00df \u00a7 6 MDStV: Aydin Ates<\/p>\n<p>Haftungshinweis: Trotz sorgf\u00e4ltiger inhaltlicher Kontrolle \u00fcbernehmen wir keine Haftung f\u00fcr die Inhalte externer Links. F\u00fcr den Inhalt der verlinkten Seiten sind ausschlie\u00dflich deren Betreiber verantwortlich.<\/p>\n<p style=\"text-align: justify;\">Webmaster:<br \/>\n<a href=\"mailto:stefan@taekwondo-ates.de\" target=\"_blank\">stefan@taekwondo-ates.de<\/a><\/p>\n<div id=\"attachment_2202\" style=\"width: 160px\" class=\"wp-caption alignnone\"><img aria-describedby=\"caption-attachment-2202\" data-attachment-id=\"2202\" data-permalink=\"https:\/\/www.taekwondo-ates.de\/?attachment_id=2202\" data-orig-file=\"https:\/\/www.taekwondo-ates.de\/wp-content\/uploads\/2011\/04\/taekwondo.png\" data-orig-size=\"300,300\" data-comments-opened=\"0\" data-image-meta=\"{&quot;aperture&quot;:&quot;0&quot;,&quot;credit&quot;:&quot;&quot;,&quot;camera&quot;:&quot;&quot;,&quot;caption&quot;:&quot;&quot;,&quot;created_timestamp&quot;:&quot;0&quot;,&quot;copyright&quot;:&quot;&quot;,&quot;focal_length&quot;:&quot;0&quot;,&quot;iso&quot;:&quot;0&quot;,&quot;shutter_speed&quot;:&quot;0&quot;,&quot;title&quot;:&quot;&quot;}\" data-image-title=\"taekwondo\" data-image-description=\"\" data-image-caption=\"\" data-medium-file=\"https:\/\/www.taekwondo-ates.de\/wp-content\/uploads\/2011\/04\/taekwondo.png\" data-large-file=\"https:\/\/www.taekwondo-ates.de\/wp-content\/uploads\/2011\/04\/taekwondo.png\" decoding=\"async\" loading=\"lazy\" class=\"size-thumbnail wp-image-2202 \" alt=\"taekwondo\" src=\"http:\/\/www.taekwondo-ates.de\/wp-content\/uploads\/2011\/04\/taekwondo-150x150.png\" width=\"150\" height=\"150\" srcset=\"https:\/\/www.taekwondo-ates.de\/wp-content\/uploads\/2011\/04\/taekwondo-150x150.png 150w, https:\/\/www.taekwondo-ates.de\/wp-content\/uploads\/2011\/04\/taekwondo.png 300w\" sizes=\"(max-width: 150px) 100vw, 150px\" \/><p id=\"caption-attachment-2202\" class=\"wp-caption-text\">Icon made by\u00a0<a title=\"Freepik\" href=\"http:\/\/www.freepik.com\/\">Freepik<\/a>\u00a0from\u00a0<a title=\"Flaticon\" href=\"http:\/\/www.flaticon.com\/\">www.flaticon.com<\/a><\/p><\/div>\n<p style=\"text-align: justify;\">Fotos Artikel: Verein<\/p>\n<p style=\"text-align: justify;\">\u00a0Designfotos:<\/p>\n<p style=\"text-align: justify;\"><a href=\"http:\/\/www.winfoto.de\" target=\"_blank\"><img data-attachment-id=\"181\" data-permalink=\"https:\/\/www.taekwondo-ates.de\/?attachment_id=181\" data-orig-file=\"https:\/\/www.taekwondo-ates.de\/wp-content\/uploads\/2011\/04\/winfoto250.png\" data-orig-size=\"250,75\" data-comments-opened=\"0\" data-image-meta=\"{&quot;aperture&quot;:&quot;0&quot;,&quot;credit&quot;:&quot;&quot;,&quot;camera&quot;:&quot;&quot;,&quot;caption&quot;:&quot;&quot;,&quot;created_timestamp&quot;:&quot;0&quot;,&quot;copyright&quot;:&quot;&quot;,&quot;focal_length&quot;:&quot;0&quot;,&quot;iso&quot;:&quot;0&quot;,&quot;shutter_speed&quot;:&quot;0&quot;,&quot;title&quot;:&quot;&quot;}\" data-image-title=\"winfoto250\" data-image-description=\"\" data-image-caption=\"\" data-medium-file=\"https:\/\/www.taekwondo-ates.de\/wp-content\/uploads\/2011\/04\/winfoto250.png\" data-large-file=\"https:\/\/www.taekwondo-ates.de\/wp-content\/uploads\/2011\/04\/winfoto250.png\" decoding=\"async\" loading=\"lazy\" class=\"alignleft size-full wp-image-181\" title=\"winfoto250\" alt=\"\" src=\"\/wp-content\/uploads\/2011\/04\/winfoto250.png\" width=\"250\" height=\"75\" \/><\/a><\/p>\n","protected":false},"excerpt":{"rendered":"<p>Taekwondo-Ates e. V. Gesch\u00e4ftsstelle: Aydin\u00a0Ates Fei\u00dfe B\u00fcndt 19 77746 Schutterwald Telefon:\u00a00781 &#8211; 474 355 92 E-Mail: info@taekwondo-ates.de Internet: www.taekwondo-ates.de Vertretungsberechtigter Vorstand: 1. Vorstand Aydin Ates Registergericht: Amtsgericht Offenburg Registernummer: VR 826 Inhaltlich Verantwortlicher gem\u00e4\u00df \u00a7 6 MDStV: Aydin Ates Haftungshinweis: &hellip; <a href=\"https:\/\/www.taekwondo-ates.de\/?page_id=35\">Weiterlesen <span class=\"meta-nav\">&rarr;<\/span><\/a><\/p>\n","protected":false},"author":1,"featured_media":0,"parent":0,"menu_order":80,"comment_status":"closed","ping_status":"closed","template":"sidebar-page.php","meta":{"ngg_post_thumbnail":0,"jetpack_post_was_ever_published":false},"jetpack_shortlink":"https:\/\/wp.me\/P214aU-z","jetpack_sharing_enabled":true,"_links":{"self":[{"href":"https:\/\/www.taekwondo-ates.de\/index.php?rest_route=\/wp\/v2\/pages\/35"}],"collection":[{"href":"https:\/\/www.taekwondo-ates.de\/index.php?rest_route=\/wp\/v2\/pages"}],"about":[{"href":"https:\/\/www.taekwondo-ates.de\/index.php?rest_route=\/wp\/v2\/types\/page"}],"author":[{"embeddable":true,"href":"https:\/\/www.taekwondo-ates.de\/index.php?rest_route=\/wp\/v2\/users\/1"}],"replies":[{"embeddable":true,"href":"https:\/\/www.taekwondo-ates.de\/index.php?rest_route=%2Fwp%2Fv2%2Fcomments&post=35"}],"version-history":[{"count":15,"href":"https:\/\/www.taekwondo-ates.de\/index.php?rest_route=\/wp\/v2\/pages\/35\/revisions"}],"predecessor-version":[{"id":180,"href":"https:\/\/www.taekwondo-ates.de\/index.php?rest_route=\/wp\/v2\/pages\/35\/revisions\/180"}],"wp:attachment":[{"href":"https:\/\/www.taekwondo-ates.de\/index.php?rest_route=%2Fwp%2Fv2%2Fmedia&parent=35"}],"curies":[{"name":"wp","href":"https:\/\/api.w.org\/{rel}","templated":true}]}}