{"id":20,"date":"2011-04-18T14:35:22","date_gmt":"2011-04-18T13:35:22","guid":{"rendered":"http:\/\/www.taekwondo-ates.de\/blog\/?page_id=20"},"modified":"2024-10-10T11:50:29","modified_gmt":"2024-10-10T10:50:29","slug":"unser-studio","status":"publish","type":"page","link":"https:\/\/www.taekwondo-ates.de\/?page_id=20","title":{"rendered":"Unsere Studios"},"content":{"rendered":"\n<div class=\"wp-block-media-text alignwide is-stacked-on-mobile\"><figure class=\"wp-block-media-text__media\"><img decoding=\"async\" src=\"http:\/\/www.taekwondo-ates.de\/wp-content\/uploads\/2011\/04\/IMG_7244.jpg\" alt=\"\"\/><\/figure><div class=\"wp-block-media-text__content\">\n<p class=\"has-medium-font-size\">Offenburg<\/p>\n\n\n\n<p>Taekwondo Ates e.V.<br>beim Kampfsportzentrum<br>\u2013 Raum 1<br>Heinrich-Hertz-Stra\u00dfe 30<br>77656 Offenburg<\/p>\n<\/div><\/div>\n\n\n\n<div class=\"wp-block-media-text alignwide is-stacked-on-mobile\"><figure class=\"wp-block-media-text__media\"><img data-attachment-id=\"2817\" data-permalink=\"https:\/\/www.taekwondo-ates.de\/?attachment_id=2817\" data-orig-file=\"https:\/\/www.taekwondo-ates.de\/wp-content\/uploads\/2019\/10\/Logo.png\" data-orig-size=\"295,65\" data-comments-opened=\"0\" data-image-meta=\"{&quot;aperture&quot;:&quot;0&quot;,&quot;credit&quot;:&quot;&quot;,&quot;camera&quot;:&quot;&quot;,&quot;caption&quot;:&quot;&quot;,&quot;created_timestamp&quot;:&quot;0&quot;,&quot;copyright&quot;:&quot;&quot;,&quot;focal_length&quot;:&quot;0&quot;,&quot;iso&quot;:&quot;0&quot;,&quot;shutter_speed&quot;:&quot;0&quot;,&quot;title&quot;:&quot;&quot;}\" data-image-title=\"Logo\" data-image-description=\"\" data-image-caption=\"\" data-medium-file=\"https:\/\/www.taekwondo-ates.de\/wp-content\/uploads\/2019\/10\/Logo.png\" data-large-file=\"https:\/\/www.taekwondo-ates.de\/wp-content\/uploads\/2019\/10\/Logo.png\" decoding=\"async\" loading=\"lazy\" width=\"295\" height=\"65\" src=\"http:\/\/www.taekwondo-ates.de\/wp-content\/uploads\/2019\/10\/Logo.png\" alt=\"\" class=\"wp-image-2817 size-full\"\/><\/figure><div class=\"wp-block-media-text__content\">\n<p class=\"has-medium-font-size\">Gengenbach<\/p>\n\n\n\n<p class=\"has-text-align-center has-background\" style=\"background-color:#f8dede\"><strong>Wir sind umgezogen!<\/strong><\/p>\n\n\n\n<p>Brambachstra\u00dfe 17A<br>Industriegebiet Gengenbach<\/p>\n<\/div><\/div>\n\n\n\n<div class=\"wp-block-media-text alignwide is-stacked-on-mobile\"><figure class=\"wp-block-media-text__media\"><img data-attachment-id=\"3178\" data-permalink=\"https:\/\/www.taekwondo-ates.de\/?attachment_id=3178\" data-orig-file=\"https:\/\/www.taekwondo-ates.de\/wp-content\/uploads\/2022\/03\/IMG_8215-scaled.jpg\" data-orig-size=\"2560,1920\" data-comments-opened=\"0\" data-image-meta=\"{&quot;aperture&quot;:&quot;0&quot;,&quot;credit&quot;:&quot;&quot;,&quot;camera&quot;:&quot;&quot;,&quot;caption&quot;:&quot;&quot;,&quot;created_timestamp&quot;:&quot;0&quot;,&quot;copyright&quot;:&quot;&quot;,&quot;focal_length&quot;:&quot;0&quot;,&quot;iso&quot;:&quot;0&quot;,&quot;shutter_speed&quot;:&quot;0&quot;,&quot;title&quot;:&quot;&quot;,&quot;orientation&quot;:&quot;1&quot;}\" data-image-title=\"IMG_8215\" data-image-description=\"\" data-image-caption=\"\" data-medium-file=\"https:\/\/www.taekwondo-ates.de\/wp-content\/uploads\/2022\/03\/IMG_8215-300x225.jpg\" data-large-file=\"https:\/\/www.taekwondo-ates.de\/wp-content\/uploads\/2022\/03\/IMG_8215-1024x768.jpg\" decoding=\"async\" loading=\"lazy\" width=\"1024\" height=\"768\" src=\"http:\/\/www.taekwondo-ates.de\/wp-content\/uploads\/2022\/03\/IMG_8215-1024x768.jpg\" alt=\"\" class=\"wp-image-3178 size-full\" srcset=\"https:\/\/www.taekwondo-ates.de\/wp-content\/uploads\/2022\/03\/IMG_8215-1024x768.jpg 1024w, https:\/\/www.taekwondo-ates.de\/wp-content\/uploads\/2022\/03\/IMG_8215-300x225.jpg 300w, https:\/\/www.taekwondo-ates.de\/wp-content\/uploads\/2022\/03\/IMG_8215-768x576.jpg 768w, https:\/\/www.taekwondo-ates.de\/wp-content\/uploads\/2022\/03\/IMG_8215-1536x1152.jpg 1536w, https:\/\/www.taekwondo-ates.de\/wp-content\/uploads\/2022\/03\/IMG_8215-2048x1536.jpg 2048w, https:\/\/www.taekwondo-ates.de\/wp-content\/uploads\/2022\/03\/IMG_8215-400x300.jpg 400w\" sizes=\"(max-width: 1024px) 100vw, 1024px\" \/><\/figure><div class=\"wp-block-media-text__content\">\n<p class=\"has-medium-font-size\">Zell am Harmersbach<\/p>\n\n\n\n<p>Geb\u00e4ude \u00d6zpinar,<br>Am Erlenbach 6<br>77736 Zell a.H.<\/p>\n<\/div><\/div>\n","protected":false},"excerpt":{"rendered":"<p>Offenburg Taekwondo Ates e.V.beim Kampfsportzentrum\u2013 Raum 1Heinrich-Hertz-Stra\u00dfe 3077656 Offenburg Gengenbach Wir sind umgezogen! Brambachstra\u00dfe 17AIndustriegebiet Gengenbach Zell am Harmersbach Geb\u00e4ude \u00d6zpinar,Am Erlenbach 677736 Zell a.H.<\/p>\n","protected":false},"author":1,"featured_media":332,"parent":0,"menu_order":20,"comment_status":"closed","ping_status":"closed","template":"sidebar-page.php","meta":{"ngg_post_thumbnail":0,"jetpack_post_was_ever_published":false},"jetpack_shortlink":"https:\/\/wp.me\/P214aU-k","jetpack_sharing_enabled":true,"_links":{"self":[{"href":"https:\/\/www.taekwondo-ates.de\/index.php?rest_route=\/wp\/v2\/pages\/20"}],"collection":[{"href":"https:\/\/www.taekwondo-ates.de\/index.php?rest_route=\/wp\/v2\/pages"}],"about":[{"href":"https:\/\/www.taekwondo-ates.de\/index.php?rest_route=\/wp\/v2\/types\/page"}],"author":[{"embeddable":true,"href":"https:\/\/www.taekwondo-ates.de\/index.php?rest_route=\/wp\/v2\/users\/1"}],"replies":[{"embeddable":true,"href":"https:\/\/www.taekwondo-ates.de\/index.php?rest_route=%2Fwp%2Fv2%2Fcomments&post=20"}],"version-history":[{"count":29,"href":"https:\/\/www.taekwondo-ates.de\/index.php?rest_route=\/wp\/v2\/pages\/20\/revisions"}],"predecessor-version":[{"id":3452,"href":"https:\/\/www.taekwondo-ates.de\/index.php?rest_route=\/wp\/v2\/pages\/20\/revisions\/3452"}],"wp:featuredmedia":[{"embeddable":true,"href":"https:\/\/www.taekwondo-ates.de\/index.php?rest_route=\/wp\/v2\/media\/332"}],"wp:attachment":[{"href":"https:\/\/www.taekwondo-ates.de\/index.php?rest_route=%2Fwp%2Fv2%2Fmedia&parent=20"}],"curies":[{"name":"wp","href":"https:\/\/api.w.org\/{rel}","templated":true}]}}