{"id":15,"date":"2011-04-18T14:31:06","date_gmt":"2011-04-18T13:31:06","guid":{"rendered":"http:\/\/www.taekwondo-ates.de\/blog\/?page_id=15"},"modified":"2011-12-20T11:31:12","modified_gmt":"2011-12-20T10:31:12","slug":"taekwondo","status":"publish","type":"page","link":"https:\/\/www.taekwondo-ates.de\/?page_id=15","title":{"rendered":"Taekwondo"},"content":{"rendered":"<p style=\"text-align: justify;\"><span style=\"font-size: 13px; font-weight: normal;\"><a class=\"shutterset_\" href=\"\/wp-content\/gallery\/illustrationen\/flagge.gif\"><img decoding=\"async\" class=\"ngg-singlepic ngg-right\" src=\"\/wp-content\/gallery\/illustrationen\/thumbs\/thumbs_flagge.gif\" alt=\"flagge\" \/><\/a>Taekwondo ist eine kriegerische Kunst und ein moderner internationaler Sport, der seit ungef\u00e4hr 20 Jahrhunderten,\u00a0vorwiegend in Korea, entwickelt worden ist. Das Hauptmerkmal des Taekwondo ist, dass es eine waffenlose Selbstverteidigung (Kampfkunst) ist, bei der nur mit Hilfe der blo\u00dfen H\u00e4nde und F\u00fc\u00dfe ein Gegner abgewehrt wird.\u00a0Taekwondo besteht \u00e4u\u00dferlich aus der Beherrschung der Bewegungsformen (Poomse), des Kampfes (Chayo Taeryon) und des Brechens (Bruchtest\/Kyek Pa).<\/span><\/p>\n<h3><span style=\"font-size: 15px; font-weight: bold;\">Was hei\u00dft Taekwondo ?<\/span><\/h3>\n<p style=\"text-align: justify;\">Frei \u00fcbersetzt bedeutet Taekwondo \u201eKunst des Fu\u00df- und Handkampfes\u201c.<\/p>\n<p style=\"text-align: justify;\">Die w\u00f6rtliche \u00dcbersetzung aus dem Koreanischen hei\u00dft:<\/p>\n<p style=\"text-align: justify;\"><strong><img decoding=\"async\" loading=\"lazy\" class=\"ngg-singlepic ngg-left alignleft\" style=\"margin-left: 10px; margin-right: 10px;\" src=\"\/wp-content\/gallery\/illustrationen\/figther.gif\" alt=\"figther\" width=\"178\" height=\"180\" \/>Tae<\/strong>: sto\u00dfen, springen oder mit dem Fu\u00df zerschmettern<\/p>\n<p style=\"text-align: justify;\"><strong>Kwon<\/strong>: Faust bzw. mit der Hand oder Faust schlagen<\/p>\n<p style=\"text-align: justify;\"><strong>Do<\/strong>: der Weg, die Lehre, die Methode<\/p>\n<p style=\"text-align: justify;\">Zusammengefa\u00dft weist Taekwondo demnach auf eine Technik der unbewaffneten Selbstverteidigung hin. Darunter versteht man das geschickte Ausweichen, Abfangen eines Angriffs mit H\u00e4nden und F\u00fc\u00dfen sowie den Konter, der zur schnellen Ausschaltung des Gegners f\u00fchrt.<\/p>\n<p style=\"text-align: justify;\">Der Unterschied zu einer weiteren fern\u00f6stlichen Kampfkunst, dem Karate, der hier wohl in erster Linie interessiert, ist mit dem Hinweis auf die Bevorzugung der Fu\u00dftechniken alleine nicht erkl\u00e4rt. Trotz der Unterscheidungsmerkmale, die im Vergleich zu Karate auftreten, wird eine solche Vielfalt, wie sie Taekwondo aufweist, von keiner anderen, artverwandten Disziplin erreicht.<\/p>\n<h3 style=\"text-align: justify;\">Was bewirkt Taekwondo ?<\/h3>\n<p style=\"text-align: justify;\">Ein Merkmal des Taekwondo ist es, Angreifer waffenlos, d. h. nur mit H\u00e4nden oder F\u00fc\u00dfen abzuwehren.<br \/>\nAlle Bewegungen im Taekwondo gehen von dem Grundsatz der Verteidigung aus. Es gibt kaum einen Teil des menschlichen K\u00f6rpers, der nicht als Abwehrwaffe beim Taekwondo gebraucht werden kann: H\u00e4nde, Finger, F\u00e4uste, Kn\u00f6chel, Ellbogen, Knie, F\u00fc\u00dfe, Kopf usw.<\/p>\n<p style=\"text-align: justify;\">Ein regelm\u00e4\u00dfiges Training verbessert das Allgemeinbefinden, verschafft ein gesundes seelisch-k\u00f6rperliches Gleichgewicht, erh\u00f6ht die Behendigkeit und Beweglichkeit (physisch wie psychisch) und lehrt, die Dinge mit dem n\u00f6tigen Abstand zu betrachten.<\/p>\n<p style=\"text-align: justify;\">Taekwondo vermittelt nicht nur k\u00f6rperliche Kraft, sondern auch die Einsicht zu diszipliniertem Denken. Nur durch diese Einheit ist es m\u00f6glich, das n\u00f6tige Selbstvertrauen zu entwickeln und die erforderliche Gelassenheit zur Selbstverteidigung zu erlangen.<\/p>\n","protected":false},"excerpt":{"rendered":"<p>Taekwondo ist eine kriegerische Kunst und ein moderner internationaler Sport, der seit ungef\u00e4hr 20 Jahrhunderten,\u00a0vorwiegend in Korea, entwickelt worden ist. Das Hauptmerkmal des Taekwondo ist, dass es eine waffenlose Selbstverteidigung (Kampfkunst) ist, bei der nur mit Hilfe der blo\u00dfen H\u00e4nde &hellip; <a href=\"https:\/\/www.taekwondo-ates.de\/?page_id=15\">Weiterlesen <span class=\"meta-nav\">&rarr;<\/span><\/a><\/p>\n","protected":false},"author":1,"featured_media":0,"parent":4,"menu_order":10,"comment_status":"closed","ping_status":"closed","template":"sidebar-page.php","meta":{"ngg_post_thumbnail":0,"jetpack_post_was_ever_published":false},"jetpack_shortlink":"https:\/\/wp.me\/P214aU-f","jetpack_sharing_enabled":true,"_links":{"self":[{"href":"https:\/\/www.taekwondo-ates.de\/index.php?rest_route=\/wp\/v2\/pages\/15"}],"collection":[{"href":"https:\/\/www.taekwondo-ates.de\/index.php?rest_route=\/wp\/v2\/pages"}],"about":[{"href":"https:\/\/www.taekwondo-ates.de\/index.php?rest_route=\/wp\/v2\/types\/page"}],"author":[{"embeddable":true,"href":"https:\/\/www.taekwondo-ates.de\/index.php?rest_route=\/wp\/v2\/users\/1"}],"replies":[{"embeddable":true,"href":"https:\/\/www.taekwondo-ates.de\/index.php?rest_route=%2Fwp%2Fv2%2Fcomments&post=15"}],"version-history":[{"count":11,"href":"https:\/\/www.taekwondo-ates.de\/index.php?rest_route=\/wp\/v2\/pages\/15\/revisions"}],"predecessor-version":[{"id":307,"href":"https:\/\/www.taekwondo-ates.de\/index.php?rest_route=\/wp\/v2\/pages\/15\/revisions\/307"}],"up":[{"embeddable":true,"href":"https:\/\/www.taekwondo-ates.de\/index.php?rest_route=\/wp\/v2\/pages\/4"}],"wp:attachment":[{"href":"https:\/\/www.taekwondo-ates.de\/index.php?rest_route=%2Fwp%2Fv2%2Fmedia&parent=15"}],"curies":[{"name":"wp","href":"https:\/\/api.w.org\/{rel}","templated":true}]}}