{"id":4,"date":"2011-04-18T14:03:02","date_gmt":"2011-04-18T13:03:02","guid":{"rendered":"http:\/\/www.taekwondo-ates.de\/blog\/?page_id=4"},"modified":"2024-04-06T09:35:47","modified_gmt":"2024-04-06T08:35:47","slug":"herzlich-willkommen-auf-unserer-homepage","status":"publish","type":"page","link":"http:\/\/www.taekwondo-ates.de\/","title":{"rendered":"Herzlich willkommen"},"content":{"rendered":"<h1 style=\"text-align: justify;\"><span class=\"Apple-style-span\" style=\"color: #333333; font-weight: 300;\">Hier m\u00f6chten wir Ihnen Einblicke in die Kampfkunst des Taekwondo und in unseren Verein geben.<\/span><\/h1>\n<p style=\"text-align: justify;\">Der Verein TAEKWONDO ATES e.V. unterrichtet seit 2001 die hohe Kampfkunst des&nbsp;olympischen Vollkontakt &#8211; Taekwondo. \u00dcber die Deutsche TAEKWONDO Union (DTU) ist unser Verein offizielles Mitglied des WTF (WORLD TAEKWONDO FEDERATION) in Korea und wird somit vom deutschen Sportbund anerkannt und gef\u00f6rdert.<\/p>\n<p><span class=\"embed-youtube\" style=\"text-align:center; display: block;\"><iframe loading=\"lazy\" class=\"youtube-player\" width=\"584\" height=\"329\" src=\"https:\/\/www.youtube.com\/embed\/Bp9B6t9MVX0?version=3&#038;rel=1&#038;showsearch=0&#038;showinfo=1&#038;iv_load_policy=1&#038;fs=1&#038;hl=de-DE&#038;autohide=2&#038;wmode=transparent\" allowfullscreen=\"true\" style=\"border:0;\" sandbox=\"allow-scripts allow-same-origin allow-popups allow-presentation\"><\/iframe><\/span><\/p>\n<p style=\"text-align: justify;\"><span style=\"font-size: 15px; font-weight: bold;\">Philosophie<\/span><\/p>\n<p style=\"text-align: justify;\"><strong>Unser Schwerpunkt: Kinder-und Jugendarbeit <\/strong><br>Heranf\u00fchren des Nachwuchses an den Wettkampfsport. Aufbauarbeit auf Landes- und Bundesmeisterschaften hin. Wir streben es an, unsere Sch\u00fcler so aufzubauen, dass sie eine Chance f\u00fcr die Aufnahme in den Landeskader (TUBW) und in die Deutsche Nationalmannschaft (DTU) bekommen.<\/p>\n<p style=\"text-align: justify;\">Die Zusammenarbeit mit den Landes- sowie Bundestrainern, mit dem Ziel auch bei Internationalen Wettk\u00e4mpfen (Int. Holland, German Open, Austrian Open, Belgian Open) sowie Europa- und Weltmeisterschaften erfolgreich teilzunehmen.<\/p>\n<p style=\"text-align: justify;\"><strong>&#8222;Wir sind f\u00fcr euch da&#8220;<\/strong> ist unser Motto, denn unser Ziel ist es, dass jedes Kind und jeder Jugendliche Sport treiben kann und jedem Talent die M\u00f6glichkeit zur Entfaltung gegeben wird. Wir wollen durch die Arbeit mit jungen Menschen in den Vereinen deren Recht auf gemeinschaftliche, k\u00f6rperliche und geistige Bet\u00e4tigung mit zeitgem\u00e4\u00dfen Inhalten und Formen garantieren, sowie die Traditionen des Taekwondo Sports pflegen.<\/p>\n<div id=\"attachment_2278\" style=\"width: 310px\" class=\"wp-caption alignright\"><a href=\"http:\/\/www.taekwondo-ates.de\/wp-content\/uploads\/2011\/04\/IMG_6229.jpg\"><img aria-describedby=\"caption-attachment-2278\" data-attachment-id=\"2278\" data-permalink=\"http:\/\/www.taekwondo-ates.de\/?attachment_id=2278\" data-orig-file=\"http:\/\/www.taekwondo-ates.de\/wp-content\/uploads\/2011\/04\/Zertifikat2020.jpg\" data-orig-size=\"1280,942\" data-comments-opened=\"0\" data-image-meta=\"{&quot;aperture&quot;:&quot;0&quot;,&quot;credit&quot;:&quot;&quot;,&quot;camera&quot;:&quot;&quot;,&quot;caption&quot;:&quot;&quot;,&quot;created_timestamp&quot;:&quot;0&quot;,&quot;copyright&quot;:&quot;&quot;,&quot;focal_length&quot;:&quot;0&quot;,&quot;iso&quot;:&quot;0&quot;,&quot;shutter_speed&quot;:&quot;0&quot;,&quot;title&quot;:&quot;&quot;}\" data-image-title=\"Zertifikat2020\" data-image-description=\"&lt;p&gt;aekwondo Ates e.V. erh\u00e4lt wiederholt das DTU-Vereinszertifikat. &#8222;Gepr\u00fcftes Mitglied der Deutschen Taekwondo Union (DTU)&#8220;, dem einzigen in Deutschland anerkannten Fachsportverband f\u00fcr olympisches Taekwondo!&lt;\/p&gt;\n\" data-image-caption=\"&lt;p&gt;aekwondo Ates e.V. erh\u00e4lt wiederholt das DTU-Vereinszertifikat. &#8222;Gepr\u00fcftes Mitglied der Deutschen Taekwondo Union (DTU)&#8220;, dem einzigen in Deutschland anerkannten Fachsportverband f\u00fcr olympisches Taekwondo!&lt;\/p&gt;\n\" data-medium-file=\"http:\/\/www.taekwondo-ates.de\/wp-content\/uploads\/2011\/04\/Zertifikat2020-300x220.jpg\" data-large-file=\"http:\/\/www.taekwondo-ates.de\/wp-content\/uploads\/2011\/04\/Zertifikat2020-1024x753.jpg\" decoding=\"async\" loading=\"lazy\" class=\"size-medium wp-image-2278 \" src=\"http:\/\/www.taekwondo-ates.de\/wp-content\/uploads\/2011\/04\/IMG_6229.jpg\" alt=\"Taekwondo Ates e.V. erh\u00e4lt wiederholt das DTU-Vereinszertifikat. &quot;Gepr\u00fcftes Mitglied der Deutschen Taekwondo Union (DTU)&quot;, dem einzigen in Deutschland anerkannten Fachsportverband f\u00fcr olympisches Taekwondo!\" width=\"300\" height=\"220\"><\/a><p id=\"caption-attachment-2278\" class=\"wp-caption-text\">Taekwondo Ates e.V. erh\u00e4lt wiederholt das DTU-Vereinszertifikat. &#8222;Gepr\u00fcftes Mitglied der Deutschen Taekwondo Union (DTU)&#8220;, dem einzigen in Deutschland anerkannten Fachsportverband f\u00fcr olympisches Taekwondo!<\/p><\/div>\n<p style=\"text-align: justify;\">Au\u00dferdem sind wir bestrebt, die Jugend auch au\u00dferhalb des Taekwondo mit einer Informationsplattform zu verschiedenen sozialen Projekten und Freizeitangeboten zu informieren. Damit soll das soziale Verhalten der Jugendlichen untereinander und in der Gesellschaft gef\u00f6rdert werden. Gerade heute ist es sehr wichtig, auch Jugendliche mit Migrationshintergrund und\/oder aus sozial schw\u00e4cheren Familien in einem Verein\/Gemeinschaft zu integrieren.<\/p>\n<p style=\"text-align: justify;\">Wir freuen uns, wenn Sie an unserem Programm Gefallen finden und stehen Ihnen gerne f\u00fcr weitere Fragen zur Verf\u00fcgung.<\/p>\n<p style=\"text-align: justify;\">&nbsp;<em>Ihr Taekwondo-Ates -Team<\/em><\/p>\n<p>&nbsp;<\/p>\n\n\n<center><a href=\"https:\/\/www.c-and-a.com\/de\/de\/shop\/kampfsport-fuer-kinder\" target=\"_blank\" alt=\"Externer Link\" rel=\"noopener\">C&amp;A: Ratgeber Kampfsport f\u00fcr Kinder (externer Link)<\/a><\/center>\n","protected":false},"excerpt":{"rendered":"<p>Hier m\u00f6chten wir Ihnen Einblicke in die Kampfkunst des Taekwondo und in unseren Verein geben. Der Verein TAEKWONDO ATES e.V. unterrichtet seit 2001 die hohe Kampfkunst des&nbsp;olympischen Vollkontakt &#8211; Taekwondo. \u00dcber die Deutsche TAEKWONDO Union (DTU) ist unser Verein offizielles &hellip; <a href=\"http:\/\/www.taekwondo-ates.de\/\">Weiterlesen <span class=\"meta-nav\">&rarr;<\/span><\/a><\/p>\n","protected":false},"author":1,"featured_media":0,"parent":0,"menu_order":0,"comment_status":"closed","ping_status":"closed","template":"sidebar-page.php","meta":{"ngg_post_thumbnail":0,"jetpack_post_was_ever_published":false},"jetpack_shortlink":"https:\/\/wp.me\/P214aU-4","jetpack_sharing_enabled":true,"_links":{"self":[{"href":"http:\/\/www.taekwondo-ates.de\/index.php?rest_route=\/wp\/v2\/pages\/4"}],"collection":[{"href":"http:\/\/www.taekwondo-ates.de\/index.php?rest_route=\/wp\/v2\/pages"}],"about":[{"href":"http:\/\/www.taekwondo-ates.de\/index.php?rest_route=\/wp\/v2\/types\/page"}],"author":[{"embeddable":true,"href":"http:\/\/www.taekwondo-ates.de\/index.php?rest_route=\/wp\/v2\/users\/1"}],"replies":[{"embeddable":true,"href":"http:\/\/www.taekwondo-ates.de\/index.php?rest_route=%2Fwp%2Fv2%2Fcomments&post=4"}],"version-history":[{"count":29,"href":"http:\/\/www.taekwondo-ates.de\/index.php?rest_route=\/wp\/v2\/pages\/4\/revisions"}],"predecessor-version":[{"id":3442,"href":"http:\/\/www.taekwondo-ates.de\/index.php?rest_route=\/wp\/v2\/pages\/4\/revisions\/3442"}],"wp:attachment":[{"href":"http:\/\/www.taekwondo-ates.de\/index.php?rest_route=%2Fwp%2Fv2%2Fmedia&parent=4"}],"curies":[{"name":"wp","href":"https:\/\/api.w.org\/{rel}","templated":true}]}}